{"id":37,"date":"2024-07-01T09:09:05","date_gmt":"2024-07-01T09:09:05","guid":{"rendered":"https:\/\/labs.100x100.net\/projects\/turismon-new\/?page_id=37"},"modified":"2024-07-30T13:35:23","modified_gmt":"2024-07-30T13:35:23","slug":"politica-de-privacidad","status":"publish","type":"page","link":"https:\/\/www.gigsgirona.com\/es\/politica-de-privacidad\/","title":{"rendered":"Pol\u00edtica de privacidad"},"content":{"rendered":"<p>Cualquier dato que los visitantes de este sitie env\u00eden Turismon Travel, S.L ser\u00e1n archivados en su base de datos de acuerdo a la legislaci\u00f3n espa\u00f1ola 15\/1999 del 13 de diciembre. Dichos datos ser\u00e1n utilizados por Turismon Travel, S.L con la finalidad de responder a las solicitudes enviadas y mantenerle en adelante informado sobre las novedades de la Agencia. Los visitantes pueden acceder, modificar o cancelar sus datos en cualquier momento mediante el env\u00edo de un correo electr\u00f3nico a <a href=\"mailto:info@turismon.net\">info@turismon.net<\/a> o escribiendo a la siguiente direcci\u00f3n:<\/p>\n<p>C\/Nou 12<br \/>\n17100 La Bisbal d\u2019Empord\u00e0 \u2013 Girona (Spain)<\/p>\n","protected":false},"excerpt":{"rendered":"<p>Cualquier dato que los visitantes de este sitie env\u00eden Turismon Travel, S.L ser\u00e1n archivados en su base de datos de acuerdo a la legislaci\u00f3n espa\u00f1ola 15\/1999 del 13 de diciembre. Dichos datos ser\u00e1n utilizados por Turismon Travel, S.L con la finalidad de responder a las solicitudes enviadas y mantenerle en adelante informado sobre las novedades [&hellip;]<\/p>\n","protected":false},"author":1,"featured_media":0,"parent":0,"menu_order":0,"comment_status":"closed","ping_status":"closed","template":"","meta":{"_acf_changed":false,"footnotes":""},"class_list":["post-37","page","type-page","status-publish","hentry"],"acf":[],"yoast_head":"<!-- This site is optimized with the Yoast SEO plugin v27.2 - https:\/\/yoast.com\/product\/yoast-seo-wordpress\/ -->\n<title>Pol\u00edtica de privacidad - Turismon &amp; GIGS Girona<\/title>\n<meta name=\"robots\" content=\"noindex, nofollow\" \/>\n<meta property=\"og:locale\" content=\"es_ES\" \/>\n<meta property=\"og:type\" content=\"article\" \/>\n<meta property=\"og:title\" content=\"Pol\u00edtica de privacidad - Turismon &amp; GIGS Girona\" \/>\n<meta property=\"og:description\" content=\"Cualquier dato que los visitantes de este sitie env\u00eden Turismon Travel, S.L ser\u00e1n archivados en su base de datos de acuerdo a la legislaci\u00f3n espa\u00f1ola 15\/1999 del 13 de diciembre. Dichos datos ser\u00e1n utilizados por Turismon Travel, S.L con la finalidad de responder a las solicitudes enviadas y mantenerle en adelante informado sobre las novedades [&hellip;]\" \/>\n<meta property=\"og:url\" content=\"https:\/\/www.gigsgirona.com\/es\/politica-de-privacidad\/\" \/>\n<meta property=\"og:site_name\" content=\"Turismon &amp; GIGS Girona\" \/>\n<meta property=\"article:modified_time\" content=\"2024-07-30T13:35:23+00:00\" \/>\n<meta name=\"twitter:card\" content=\"summary_large_image\" \/>\n<meta name=\"twitter:label1\" content=\"Tiempo de lectura\" \/>\n\t<meta name=\"twitter:data1\" content=\"1 minuto\" \/>\n<script type=\"application\/ld+json\" class=\"yoast-schema-graph\">{\"@context\":\"https:\/\/schema.org\",\"@graph\":[{\"@type\":\"WebPage\",\"@id\":\"https:\/\/www.gigsgirona.com\/es\/politica-de-privacidad\/\",\"url\":\"https:\/\/www.gigsgirona.com\/es\/politica-de-privacidad\/\",\"name\":\"Pol\u00edtica de privacidad - Turismon &amp; GIGS Girona\",\"isPartOf\":{\"@id\":\"https:\/\/www.gigsgirona.com\/en\/#website\"},\"datePublished\":\"2024-07-01T09:09:05+00:00\",\"dateModified\":\"2024-07-30T13:35:23+00:00\",\"breadcrumb\":{\"@id\":\"https:\/\/www.gigsgirona.com\/es\/politica-de-privacidad\/#breadcrumb\"},\"inLanguage\":\"es\",\"potentialAction\":[{\"@type\":\"ReadAction\",\"target\":[\"https:\/\/www.gigsgirona.com\/es\/politica-de-privacidad\/\"]}]},{\"@type\":\"BreadcrumbList\",\"@id\":\"https:\/\/www.gigsgirona.com\/es\/politica-de-privacidad\/#breadcrumb\",\"itemListElement\":[{\"@type\":\"ListItem\",\"position\":1,\"name\":\"Inici\",\"item\":\"https:\/\/www.gigsgirona.com\/es\/\"},{\"@type\":\"ListItem\",\"position\":2,\"name\":\"Pol\u00edtica de privacidad\"}]},{\"@type\":\"WebSite\",\"@id\":\"https:\/\/www.gigsgirona.com\/en\/#website\",\"url\":\"https:\/\/www.gigsgirona.com\/en\/\",\"name\":\"Turismon &amp; GIGS Girona\",\"description\":\"\",\"potentialAction\":[{\"@type\":\"SearchAction\",\"target\":{\"@type\":\"EntryPoint\",\"urlTemplate\":\"https:\/\/www.gigsgirona.com\/en\/?s={search_term_string}\"},\"query-input\":{\"@type\":\"PropertyValueSpecification\",\"valueRequired\":true,\"valueName\":\"search_term_string\"}}],\"inLanguage\":\"es\"}]}<\/script>\n<!-- \/ Yoast SEO plugin. -->","yoast_head_json":{"title":"Pol\u00edtica de privacidad - Turismon &amp; GIGS Girona","robots":{"index":"noindex","follow":"nofollow"},"og_locale":"es_ES","og_type":"article","og_title":"Pol\u00edtica de privacidad - Turismon &amp; GIGS Girona","og_description":"Cualquier dato que los visitantes de este sitie env\u00eden Turismon Travel, S.L ser\u00e1n archivados en su base de datos de acuerdo a la legislaci\u00f3n espa\u00f1ola 15\/1999 del 13 de diciembre. Dichos datos ser\u00e1n utilizados por Turismon Travel, S.L con la finalidad de responder a las solicitudes enviadas y mantenerle en adelante informado sobre las novedades [&hellip;]","og_url":"https:\/\/www.gigsgirona.com\/es\/politica-de-privacidad\/","og_site_name":"Turismon &amp; GIGS Girona","article_modified_time":"2024-07-30T13:35:23+00:00","twitter_card":"summary_large_image","twitter_misc":{"Tiempo de lectura":"1 minuto"},"schema":{"@context":"https:\/\/schema.org","@graph":[{"@type":"WebPage","@id":"https:\/\/www.gigsgirona.com\/es\/politica-de-privacidad\/","url":"https:\/\/www.gigsgirona.com\/es\/politica-de-privacidad\/","name":"Pol\u00edtica de privacidad - Turismon &amp; GIGS Girona","isPartOf":{"@id":"https:\/\/www.gigsgirona.com\/en\/#website"},"datePublished":"2024-07-01T09:09:05+00:00","dateModified":"2024-07-30T13:35:23+00:00","breadcrumb":{"@id":"https:\/\/www.gigsgirona.com\/es\/politica-de-privacidad\/#breadcrumb"},"inLanguage":"es","potentialAction":[{"@type":"ReadAction","target":["https:\/\/www.gigsgirona.com\/es\/politica-de-privacidad\/"]}]},{"@type":"BreadcrumbList","@id":"https:\/\/www.gigsgirona.com\/es\/politica-de-privacidad\/#breadcrumb","itemListElement":[{"@type":"ListItem","position":1,"name":"Inici","item":"https:\/\/www.gigsgirona.com\/es\/"},{"@type":"ListItem","position":2,"name":"Pol\u00edtica de privacidad"}]},{"@type":"WebSite","@id":"https:\/\/www.gigsgirona.com\/en\/#website","url":"https:\/\/www.gigsgirona.com\/en\/","name":"Turismon &amp; GIGS Girona","description":"","potentialAction":[{"@type":"SearchAction","target":{"@type":"EntryPoint","urlTemplate":"https:\/\/www.gigsgirona.com\/en\/?s={search_term_string}"},"query-input":{"@type":"PropertyValueSpecification","valueRequired":true,"valueName":"search_term_string"}}],"inLanguage":"es"}]}},"_links":{"self":[{"href":"https:\/\/www.gigsgirona.com\/es\/wp-json\/wp\/v2\/pages\/37","targetHints":{"allow":["GET"]}}],"collection":[{"href":"https:\/\/www.gigsgirona.com\/es\/wp-json\/wp\/v2\/pages"}],"about":[{"href":"https:\/\/www.gigsgirona.com\/es\/wp-json\/wp\/v2\/types\/page"}],"author":[{"embeddable":true,"href":"https:\/\/www.gigsgirona.com\/es\/wp-json\/wp\/v2\/users\/1"}],"replies":[{"embeddable":true,"href":"https:\/\/www.gigsgirona.com\/es\/wp-json\/wp\/v2\/comments?post=37"}],"version-history":[{"count":1,"href":"https:\/\/www.gigsgirona.com\/es\/wp-json\/wp\/v2\/pages\/37\/revisions"}],"predecessor-version":[{"id":38,"href":"https:\/\/www.gigsgirona.com\/es\/wp-json\/wp\/v2\/pages\/37\/revisions\/38"}],"wp:attachment":[{"href":"https:\/\/www.gigsgirona.com\/es\/wp-json\/wp\/v2\/media?parent=37"}],"curies":[{"name":"wp","href":"https:\/\/api.w.org\/{rel}","templated":true}]}}